{"id":639,"date":"2017-01-07T18:56:23","date_gmt":"2017-01-07T18:56:23","guid":{"rendered":"http:\/\/theme-sphere.com\/smart-mag\/demos\/trendy\/?page_id=11"},"modified":"2025-03-26T18:27:39","modified_gmt":"2025-03-26T17:27:39","slug":"homepage","status":"publish","type":"page","link":"https:\/\/www.gareauxcoquines.com\/blog\/","title":{"rendered":"Page d&rsquo;accueil"},"content":{"rendered":"\t\t<div data-elementor-type=\"wp-page\" data-elementor-id=\"639\" class=\"elementor elementor-639\">\n\t\t\t\t\t\t<section class=\"has-el-gap el-gap-default elementor-section elementor-top-section elementor-element elementor-element-7ac88f10 elementor-section-boxed elementor-section-height-default elementor-section-height-default\" data-id=\"7ac88f10\" data-element_type=\"section\" data-e-type=\"section\">\n\t\t\t\t\t\t<div class=\"elementor-container elementor-column-gap-no\">\n\t\t\t\t\t<div class=\"elementor-column elementor-col-100 elementor-top-column elementor-element elementor-element-174a5866\" data-id=\"174a5866\" data-element_type=\"column\" data-e-type=\"column\">\n\t\t\t<div class=\"elementor-widget-wrap elementor-element-populated\">\n\t\t\t\t\t\t<div class=\"elementor-element elementor-element-53f6e2d5 elementor-widget elementor-widget-smartmag-grid\" data-id=\"53f6e2d5\" data-element_type=\"widget\" data-e-type=\"widget\" data-widget_type=\"smartmag-grid.default\">\n\t\t\t\t<div class=\"elementor-widget-container\">\n\t\t\t\t\t\t\t<section class=\"block-wrap block-grid block-sc\" data-id=\"1\" data-block=\"{&quot;id&quot;:&quot;grid&quot;,&quot;props&quot;:{&quot;cat_labels&quot;:&quot;0&quot;,&quot;cat_labels_pos&quot;:&quot;top-left&quot;,&quot;reviews&quot;:&quot;bars&quot;,&quot;post_formats_pos&quot;:&quot;center&quot;,&quot;load_more_style&quot;:&quot;a&quot;,&quot;meta_cat_style&quot;:&quot;text&quot;,&quot;media_style_shadow&quot;:0,&quot;meta_sponsor&quot;:1,&quot;meta_sponsor_logo&quot;:0,&quot;meta_sponsor_label&quot;:&quot;Sponsor: {sponsor}&quot;,&quot;meta_above&quot;:[],&quot;meta_below&quot;:[&quot;author&quot;,&quot;date&quot;],&quot;meta_sponsor_above&quot;:[],&quot;meta_sponsor_below&quot;:[&quot;sponsor&quot;,&quot;date&quot;],&quot;media_ratio&quot;:&quot;custom&quot;,&quot;media_ratio_custom&quot;:&quot;1.68&quot;,&quot;read_more&quot;:&quot;none&quot;,&quot;content_center&quot;:0,&quot;posts&quot;:&quot;10&quot;,&quot;sort_order&quot;:&quot;desc&quot;,&quot;heading&quot;:&quot;Derniers articles&quot;,&quot;heading_type&quot;:&quot;d&quot;,&quot;pagination&quot;:&quot;1&quot;,&quot;filters&quot;:&quot;category&quot;,&quot;filters_terms&quot;:[&quot;fitness&quot;,&quot;travel&quot;,&quot;celebrities&quot;],&quot;offset&quot;:&quot;0&quot;,&quot;heading_colors&quot;:&quot;force&quot;,&quot;container_width&quot;:66,&quot;excerpt_length&quot;:15,&quot;pagination_links&quot;:null,&quot;meta_sponsor_items_default&quot;:true,&quot;query_type&quot;:&quot;custom&quot;,&quot;sort_days&quot;:null,&quot;carousel_dots&quot;:null,&quot;is_sc_call&quot;:true,&quot;meta_items_default&quot;:true}}\">\n\n\t\t\t\t\t\t\t\t\n\t\t\t\t\t\t\t\n\t\t\t\t<div class=\"block-head block-head-d is-left\">\n\n\t\t\t\t\t<h4 class=\"heading\">Derniers articles<\/h4>\t\t\t\t\t\n\t\t\t\t\t\t\t\t\t<\/div>\n\t\t\t\t\n\t\t\t\n\t\t\t\n\t\t\t<div class=\"block-content\">\n\t\t\t\t\t\n\t<div class=\"loop loop-grid loop-grid-base grid grid-2 md:grid-2 xs:grid-1\">\n\n\t\t\t\t\t\n<article class=\"l-post grid-post grid-base-post\">\n\n\t\n\t\t\t<div class=\"media\">\n\n\t\t\n\t\t\t<a href=\"https:\/\/www.gareauxcoquines.com\/blog\/sexualite\/plan-plan-cul-sexualite-en-berne-en-2024.html\" class=\"image-link media-ratio ratio-is-custom\" title=\"Plan-plan cul : Sexualit\u00e9 en berne en 2024 ?\"><img fetchpriority=\"high\" decoding=\"async\" width=\"339\" height=\"202\" src=\"https:\/\/www.gareauxcoquines.com\/blog\/wp-content\/uploads\/2024\/07\/plancul_baisse_sexualite-1024x674.jpg\" class=\"attachment-large size-large wp-post-image\" alt=\"\" sizes=\"(max-width: 339px) 100vw, 339px\" title=\"Plan-plan cul : Sexualit\u00e9 en berne en 2024 ?\" srcset=\"https:\/\/www.gareauxcoquines.com\/blog\/wp-content\/uploads\/2024\/07\/plancul_baisse_sexualite-1024x674.jpg 1024w, https:\/\/www.gareauxcoquines.com\/blog\/wp-content\/uploads\/2024\/07\/plancul_baisse_sexualite-300x197.jpg 300w, https:\/\/www.gareauxcoquines.com\/blog\/wp-content\/uploads\/2024\/07\/plancul_baisse_sexualite-214x140.jpg 214w\" \/><\/a>\t\t\t\n\t\t\t\n\t\t\t\n\t\t\t\n\t\t\n\t\t<\/div>\n\t\n\n\t\n\t\t<div class=\"content\">\n\n\t\t\t<div class=\"post-meta post-meta-a has-below\"><h2 class=\"is-title post-title\"><a href=\"https:\/\/www.gareauxcoquines.com\/blog\/sexualite\/plan-plan-cul-sexualite-en-berne-en-2024.html\">Plan-plan cul : Sexualit\u00e9 en berne en 2024 ?<\/a><\/h2><div class=\"post-meta-items meta-below\"><span class=\"meta-item post-author\"><span class=\"by\">Par<\/span> <a href=\"https:\/\/www.gareauxcoquines.com\/blog\/author\/vincent\" title=\"Articles par L\u00e9a\" rel=\"author\">L\u00e9a<\/a><\/span><span class=\"meta-item date\"><span class=\"date-link\"><time class=\"post-date\" datetime=\"2024-07-01T14:09:06+02:00\">1 juillet 2024<\/time><\/span><\/span><\/div><\/div>\t\t\t\n\t\t\t\t\t\t\n\t\t\t\t<div class=\"excerpt\">\n\t\t\t\t\t<p>D&rsquo;apr\u00e8s un sondage Ifop d\u00e9voil\u00e9 par Lib\u00e9ration, les Fran\u00e7ais, et surtout les jeunes de 18&hellip;<\/p>\n\t\t\t\t<\/div>\n\t\t\t\n\t\t\t\n\t\t\t\n\t\t<\/div>\n\n\t\n<\/article>\t\t\t\t\t\n<article class=\"l-post grid-post grid-base-post\">\n\n\t\n\t\t\t<div class=\"media\">\n\n\t\t\n\t\t\t<a href=\"https:\/\/www.gareauxcoquines.com\/blog\/conseils-pour-trouver-un-plan-cul\/les-10-regles-dor-pour-un-plan-cul-reussi.html\" class=\"image-link media-ratio ratio-is-custom\" title=\"Les 10 r\u00e8gles d\u2019or pour un plan cul r\u00e9ussi\"><img decoding=\"async\" width=\"339\" height=\"202\" src=\"https:\/\/www.gareauxcoquines.com\/blog\/wp-content\/uploads\/2023\/04\/reussir_plancul-1024x681.jpg\" class=\"attachment-large size-large wp-post-image\" alt=\"\" sizes=\"(max-width: 339px) 100vw, 339px\" title=\"Les 10 r\u00e8gles d\u2019or pour un plan cul r\u00e9ussi\" \/><\/a>\t\t\t\n\t\t\t\n\t\t\t\n\t\t\t\n\t\t\n\t\t<\/div>\n\t\n\n\t\n\t\t<div class=\"content\">\n\n\t\t\t<div class=\"post-meta post-meta-a has-below\"><h2 class=\"is-title post-title\"><a href=\"https:\/\/www.gareauxcoquines.com\/blog\/conseils-pour-trouver-un-plan-cul\/les-10-regles-dor-pour-un-plan-cul-reussi.html\">Les 10 r\u00e8gles d\u2019or pour un plan cul r\u00e9ussi<\/a><\/h2><div class=\"post-meta-items meta-below\"><span class=\"meta-item post-author\"><span class=\"by\">Par<\/span> <a href=\"https:\/\/www.gareauxcoquines.com\/blog\/author\/cynthia\" title=\"Articles par Cynthia\" rel=\"author\">Cynthia<\/a><\/span><span class=\"meta-item date\"><span class=\"date-link\"><time class=\"post-date\" datetime=\"2023-04-14T15:14:07+02:00\">14 avril 2023<\/time><\/span><\/span><\/div><\/div>\t\t\t\n\t\t\t\t\t\t\n\t\t\t\t<div class=\"excerpt\">\n\t\t\t\t\t<p>Pas d\u2019obligation, 0 prise de t\u00eate et 100% de plaisir\u2026 Le plan cul a tout&hellip;<\/p>\n\t\t\t\t<\/div>\n\t\t\t\n\t\t\t\n\t\t\t\n\t\t<\/div>\n\n\t\n<\/article>\t\t\t\t\t\n<article class=\"l-post grid-post grid-base-post\">\n\n\t\n\t\t\t<div class=\"media\">\n\n\t\t\n\t\t\t<a href=\"https:\/\/www.gareauxcoquines.com\/blog\/conseils-pour-trouver-un-plan-cul\/plan-cul-sur-tinder.html\" class=\"image-link media-ratio ratio-is-custom\" title=\"Plan cul sur tinder\"><img decoding=\"async\" width=\"339\" height=\"202\" src=\"https:\/\/www.gareauxcoquines.com\/blog\/wp-content\/uploads\/2023\/03\/tinder_plancul-1024x643.jpg\" class=\"attachment-large size-large wp-post-image\" alt=\"\" sizes=\"(max-width: 339px) 100vw, 339px\" title=\"Plan cul sur tinder\" srcset=\"https:\/\/www.gareauxcoquines.com\/blog\/wp-content\/uploads\/2023\/03\/tinder_plancul-1024x643.jpg 1024w, https:\/\/www.gareauxcoquines.com\/blog\/wp-content\/uploads\/2023\/03\/tinder_plancul-300x188.jpg 300w, https:\/\/www.gareauxcoquines.com\/blog\/wp-content\/uploads\/2023\/03\/tinder_plancul-343x215.jpg 343w, https:\/\/www.gareauxcoquines.com\/blog\/wp-content\/uploads\/2023\/03\/tinder_plancul-326x205.jpg 326w, https:\/\/www.gareauxcoquines.com\/blog\/wp-content\/uploads\/2023\/03\/tinder_plancul-163x102.jpg 163w\" \/><\/a>\t\t\t\n\t\t\t\n\t\t\t\n\t\t\t\n\t\t\n\t\t<\/div>\n\t\n\n\t\n\t\t<div class=\"content\">\n\n\t\t\t<div class=\"post-meta post-meta-a has-below\"><h2 class=\"is-title post-title\"><a href=\"https:\/\/www.gareauxcoquines.com\/blog\/conseils-pour-trouver-un-plan-cul\/plan-cul-sur-tinder.html\">Plan cul sur tinder<\/a><\/h2><div class=\"post-meta-items meta-below\"><span class=\"meta-item post-author\"><span class=\"by\">Par<\/span> <a href=\"https:\/\/www.gareauxcoquines.com\/blog\/author\/vincent\" title=\"Articles par L\u00e9a\" rel=\"author\">L\u00e9a<\/a><\/span><span class=\"meta-item date\"><span class=\"date-link\"><time class=\"post-date\" datetime=\"2023-03-17T15:51:39+01:00\">17 mars 2023<\/time><\/span><\/span><\/div><\/div>\t\t\t\n\t\t\t\t\t\t\n\t\t\t\t<div class=\"excerpt\">\n\t\t\t\t\t<p>Comme de nombreux hommes, vous vous \u00eates inscrits sur Tinder dans l&rsquo;objectif de trouver un&hellip;<\/p>\n\t\t\t\t<\/div>\n\t\t\t\n\t\t\t\n\t\t\t\n\t\t<\/div>\n\n\t\n<\/article>\t\t\t\t\t\n<article class=\"l-post grid-post grid-base-post\">\n\n\t\n\t\t\t<div class=\"media\">\n\n\t\t\n\t\t\t<a href=\"https:\/\/www.gareauxcoquines.com\/blog\/sexualite\/comment-faire-une-bonne-fellation.html\" class=\"image-link media-ratio ratio-is-custom\" title=\"Comment faire une bonne fellation ?\"><img loading=\"lazy\" decoding=\"async\" width=\"339\" height=\"202\" src=\"https:\/\/www.gareauxcoquines.com\/blog\/wp-content\/uploads\/2022\/10\/faire_bonne_fellation-1024x683.jpg\" class=\"attachment-large size-large wp-post-image\" alt=\"\" sizes=\"(max-width: 339px) 100vw, 339px\" title=\"Comment faire une bonne fellation ?\" \/><\/a>\t\t\t\n\t\t\t\n\t\t\t\n\t\t\t\n\t\t\n\t\t<\/div>\n\t\n\n\t\n\t\t<div class=\"content\">\n\n\t\t\t<div class=\"post-meta post-meta-a has-below\"><h2 class=\"is-title post-title\"><a href=\"https:\/\/www.gareauxcoquines.com\/blog\/sexualite\/comment-faire-une-bonne-fellation.html\">Comment faire une bonne fellation ?<\/a><\/h2><div class=\"post-meta-items meta-below\"><span class=\"meta-item post-author\"><span class=\"by\">Par<\/span> <a href=\"https:\/\/www.gareauxcoquines.com\/blog\/author\/vincent\" title=\"Articles par L\u00e9a\" rel=\"author\">L\u00e9a<\/a><\/span><span class=\"meta-item date\"><span class=\"date-link\"><time class=\"post-date\" datetime=\"2022-10-26T11:09:31+02:00\">26 octobre 2022<\/time><\/span><\/span><\/div><\/div>\t\t\t\n\t\t\t\t\t\t\n\t\t\t\t<div class=\"excerpt\">\n\t\t\t\t\t<p>La fellation (l&rsquo;acte consistant \u00e0 sucer le p\u00e9nis de son partenaire) est une pratique sexuelle&hellip;<\/p>\n\t\t\t\t<\/div>\n\t\t\t\n\t\t\t\n\t\t\t\n\t\t<\/div>\n\n\t\n<\/article>\t\t\t\t\t\n<article class=\"l-post grid-post grid-base-post\">\n\n\t\n\t\t\t<div class=\"media\">\n\n\t\t\n\t\t\t<a href=\"https:\/\/www.gareauxcoquines.com\/blog\/actus-divers\/classement-de-la-taille-du-penis-dans-le-monde.html\" class=\"image-link media-ratio ratio-is-custom\" title=\"Classement de la taille du p\u00e9nis dans le monde ?\"><img loading=\"lazy\" decoding=\"async\" width=\"339\" height=\"202\" src=\"https:\/\/www.gareauxcoquines.com\/blog\/wp-content\/uploads\/2022\/05\/taille_penis_monde-1024x680.jpg\" class=\"attachment-large size-large wp-post-image\" alt=\"\" sizes=\"(max-width: 339px) 100vw, 339px\" title=\"Classement de la taille du p\u00e9nis dans le monde ?\" srcset=\"https:\/\/www.gareauxcoquines.com\/blog\/wp-content\/uploads\/2022\/05\/taille_penis_monde-1024x680.jpg 1024w, https:\/\/www.gareauxcoquines.com\/blog\/wp-content\/uploads\/2022\/05\/taille_penis_monde.jpg 1448w\" \/><\/a>\t\t\t\n\t\t\t\n\t\t\t\n\t\t\t\n\t\t\n\t\t<\/div>\n\t\n\n\t\n\t\t<div class=\"content\">\n\n\t\t\t<div class=\"post-meta post-meta-a has-below\"><h2 class=\"is-title post-title\"><a href=\"https:\/\/www.gareauxcoquines.com\/blog\/actus-divers\/classement-de-la-taille-du-penis-dans-le-monde.html\">Classement de la taille du p\u00e9nis dans le monde ?<\/a><\/h2><div class=\"post-meta-items meta-below\"><span class=\"meta-item post-author\"><span class=\"by\">Par<\/span> <a href=\"https:\/\/www.gareauxcoquines.com\/blog\/author\/vincent\" title=\"Articles par L\u00e9a\" rel=\"author\">L\u00e9a<\/a><\/span><span class=\"meta-item date\"><span class=\"date-link\"><time class=\"post-date\" datetime=\"2022-05-18T15:24:42+02:00\">18 mai 2022<\/time><\/span><\/span><\/div><\/div>\t\t\t\n\t\t\t\t\t\t\n\t\t\t\t<div class=\"excerpt\">\n\t\t\t\t\t<p>La taille du p\u00e9nis est un sujet qui anime et qui pr\u00e9occupe de tr\u00e8s nombreux&hellip;<\/p>\n\t\t\t\t<\/div>\n\t\t\t\n\t\t\t\n\t\t\t\n\t\t<\/div>\n\n\t\n<\/article>\t\t\t\t\t\n<article class=\"l-post grid-post grid-base-post\">\n\n\t\n\t\t\t<div class=\"media\">\n\n\t\t\n\t\t\t<a href=\"https:\/\/www.gareauxcoquines.com\/blog\/actus-divers\/devenez-premium.html\" class=\"image-link media-ratio ratio-is-custom\" title=\"Devenez PREMIUM !\"><img loading=\"lazy\" decoding=\"async\" width=\"339\" height=\"202\" src=\"https:\/\/www.gareauxcoquines.com\/blog\/wp-content\/uploads\/2022\/05\/premium_gareauxcoquines.jpg\" class=\"attachment-large size-large wp-post-image\" alt=\"\" sizes=\"(max-width: 339px) 100vw, 339px\" title=\"Devenez PREMIUM !\" srcset=\"https:\/\/www.gareauxcoquines.com\/blog\/wp-content\/uploads\/2022\/05\/premium_gareauxcoquines.jpg 700w, https:\/\/www.gareauxcoquines.com\/blog\/wp-content\/uploads\/2022\/05\/premium_gareauxcoquines-300x214.jpg 300w\" \/><\/a>\t\t\t\n\t\t\t\n\t\t\t\n\t\t\t\n\t\t\n\t\t<\/div>\n\t\n\n\t\n\t\t<div class=\"content\">\n\n\t\t\t<div class=\"post-meta post-meta-a has-below\"><h2 class=\"is-title post-title\"><a href=\"https:\/\/www.gareauxcoquines.com\/blog\/actus-divers\/devenez-premium.html\">Devenez PREMIUM !<\/a><\/h2><div class=\"post-meta-items meta-below\"><span class=\"meta-item post-author\"><span class=\"by\">Par<\/span> <a href=\"https:\/\/www.gareauxcoquines.com\/blog\/author\/vincent\" title=\"Articles par L\u00e9a\" rel=\"author\">L\u00e9a<\/a><\/span><span class=\"meta-item date\"><span class=\"date-link\"><time class=\"post-date\" datetime=\"2022-05-03T16:07:22+02:00\">3 mai 2022<\/time><\/span><\/span><\/div><\/div>\t\t\t\n\t\t\t\t\t\t\n\t\t\t\t<div class=\"excerpt\">\n\t\t\t\t\t<p>Nouveau sur Gareauxcoquines.com ! B\u00e9n\u00e9ficiez de fonctionnalit\u00e9s sup\u00e9rieures en optant pour le nouveau service PREMIUM&hellip;<\/p>\n\t\t\t\t<\/div>\n\t\t\t\n\t\t\t\n\t\t\t\n\t\t<\/div>\n\n\t\n<\/article>\t\t\t\t\t\n<article class=\"l-post grid-post grid-base-post\">\n\n\t\n\t\t\t<div class=\"media\">\n\n\t\t\n\t\t\t<a href=\"https:\/\/www.gareauxcoquines.com\/blog\/sexualite\/avoir-une-bonne-erection-nos-conseils.html\" class=\"image-link media-ratio ratio-is-custom\" title=\"Avoir une bonne \u00e9rection, nos conseils\"><img loading=\"lazy\" decoding=\"async\" width=\"339\" height=\"202\" src=\"https:\/\/www.gareauxcoquines.com\/blog\/wp-content\/uploads\/2021\/11\/bonne_erection.jpg\" class=\"attachment-large size-large wp-post-image\" alt=\"\" sizes=\"(max-width: 339px) 100vw, 339px\" title=\"Avoir une bonne \u00e9rection, nos conseils\" srcset=\"https:\/\/www.gareauxcoquines.com\/blog\/wp-content\/uploads\/2021\/11\/bonne_erection.jpg 972w, https:\/\/www.gareauxcoquines.com\/blog\/wp-content\/uploads\/2021\/11\/bonne_erection-300x198.jpg 300w, https:\/\/www.gareauxcoquines.com\/blog\/wp-content\/uploads\/2021\/11\/bonne_erection-214x140.jpg 214w\" \/><\/a>\t\t\t\n\t\t\t\n\t\t\t\n\t\t\t\n\t\t\n\t\t<\/div>\n\t\n\n\t\n\t\t<div class=\"content\">\n\n\t\t\t<div class=\"post-meta post-meta-a has-below\"><h2 class=\"is-title post-title\"><a href=\"https:\/\/www.gareauxcoquines.com\/blog\/sexualite\/avoir-une-bonne-erection-nos-conseils.html\">Avoir une bonne \u00e9rection, nos conseils<\/a><\/h2><div class=\"post-meta-items meta-below\"><span class=\"meta-item post-author\"><span class=\"by\">Par<\/span> <a href=\"https:\/\/www.gareauxcoquines.com\/blog\/author\/vincent\" title=\"Articles par L\u00e9a\" rel=\"author\">L\u00e9a<\/a><\/span><span class=\"meta-item date\"><span class=\"date-link\"><time class=\"post-date\" datetime=\"2021-11-17T16:40:39+01:00\">17 novembre 2021<\/time><\/span><\/span><\/div><\/div>\t\t\t\n\t\t\t\t\t\t\n\t\t\t\t<div class=\"excerpt\">\n\t\t\t\t\t<p>Les troubles de l&rsquo;\u00e9rection ne devraient pas \u00eatre un tabou ! En effet, comme nous le&hellip;<\/p>\n\t\t\t\t<\/div>\n\t\t\t\n\t\t\t\n\t\t\t\n\t\t<\/div>\n\n\t\n<\/article>\t\t\t\t\t\n<article class=\"l-post grid-post grid-base-post\">\n\n\t\n\t\t\t<div class=\"media\">\n\n\t\t\n\t\t\t<a href=\"https:\/\/www.gareauxcoquines.com\/blog\/rencontre-lesbienne\/femmes-lesbiennes-trouver-un-plan-cul.html\" class=\"image-link media-ratio ratio-is-custom\" title=\"Femmes lesbiennes : Trouver un plan cul ?\"><img loading=\"lazy\" decoding=\"async\" width=\"339\" height=\"202\" src=\"https:\/\/www.gareauxcoquines.com\/blog\/wp-content\/uploads\/2021\/09\/plancul_lesbienne-1024x699.jpg\" class=\"attachment-large size-large wp-post-image\" alt=\"\" sizes=\"(max-width: 339px) 100vw, 339px\" title=\"Femmes lesbiennes : Trouver un plan cul ?\" srcset=\"https:\/\/www.gareauxcoquines.com\/blog\/wp-content\/uploads\/2021\/09\/plancul_lesbienne-1024x699.jpg 1024w, https:\/\/www.gareauxcoquines.com\/blog\/wp-content\/uploads\/2021\/09\/plancul_lesbienne-300x205.jpg 300w, https:\/\/www.gareauxcoquines.com\/blog\/wp-content\/uploads\/2021\/09\/plancul_lesbienne.jpg 1459w\" \/><\/a>\t\t\t\n\t\t\t\n\t\t\t\n\t\t\t\n\t\t\n\t\t<\/div>\n\t\n\n\t\n\t\t<div class=\"content\">\n\n\t\t\t<div class=\"post-meta post-meta-a has-below\"><h2 class=\"is-title post-title\"><a href=\"https:\/\/www.gareauxcoquines.com\/blog\/rencontre-lesbienne\/femmes-lesbiennes-trouver-un-plan-cul.html\">Femmes lesbiennes : Trouver un plan cul ?<\/a><\/h2><div class=\"post-meta-items meta-below\"><span class=\"meta-item post-author\"><span class=\"by\">Par<\/span> <a href=\"https:\/\/www.gareauxcoquines.com\/blog\/author\/vincent\" title=\"Articles par L\u00e9a\" rel=\"author\">L\u00e9a<\/a><\/span><span class=\"meta-item date\"><span class=\"date-link\"><time class=\"post-date\" datetime=\"2021-09-30T11:18:26+02:00\">30 septembre 2021<\/time><\/span><\/span><\/div><\/div>\t\t\t\n\t\t\t\t\t\t\n\t\t\t\t<div class=\"excerpt\">\n\t\t\t\t\t<p>Quelle que soit leur sexualit\u00e9, de tr\u00e8s nombreuses personnes se sont d\u00e9j\u00e0 pos\u00e9 la question&hellip;<\/p>\n\t\t\t\t<\/div>\n\t\t\t\n\t\t\t\n\t\t\t\n\t\t<\/div>\n\n\t\n<\/article>\t\t\t\t\t\n<article class=\"l-post grid-post grid-base-post\">\n\n\t\n\t\t\t<div class=\"media\">\n\n\t\t\n\t\t\t<a href=\"https:\/\/www.gareauxcoquines.com\/blog\/sexualite\/avoir-un-gros-penis-est-il-avantageux.html\" class=\"image-link media-ratio ratio-is-custom\" title=\"Avoir un gros penis est il avantageux ?\"><img loading=\"lazy\" decoding=\"async\" width=\"339\" height=\"202\" src=\"https:\/\/www.gareauxcoquines.com\/blog\/wp-content\/uploads\/2021\/07\/taille_sexe-1024x679.jpg\" class=\"attachment-large size-large wp-post-image\" alt=\"\" sizes=\"(max-width: 339px) 100vw, 339px\" title=\"Avoir un gros penis est il avantageux ?\" srcset=\"https:\/\/www.gareauxcoquines.com\/blog\/wp-content\/uploads\/2021\/07\/taille_sexe-1024x679.jpg 1024w, https:\/\/www.gareauxcoquines.com\/blog\/wp-content\/uploads\/2021\/07\/taille_sexe.jpg 1682w\" \/><\/a>\t\t\t\n\t\t\t\n\t\t\t\n\t\t\t\n\t\t\n\t\t<\/div>\n\t\n\n\t\n\t\t<div class=\"content\">\n\n\t\t\t<div class=\"post-meta post-meta-a has-below\"><h2 class=\"is-title post-title\"><a href=\"https:\/\/www.gareauxcoquines.com\/blog\/sexualite\/avoir-un-gros-penis-est-il-avantageux.html\">Avoir un gros penis est il avantageux ?<\/a><\/h2><div class=\"post-meta-items meta-below\"><span class=\"meta-item post-author\"><span class=\"by\">Par<\/span> <a href=\"https:\/\/www.gareauxcoquines.com\/blog\/author\/vincent\" title=\"Articles par L\u00e9a\" rel=\"author\">L\u00e9a<\/a><\/span><span class=\"meta-item date\"><span class=\"date-link\"><time class=\"post-date\" datetime=\"2021-07-21T08:14:28+02:00\">21 juillet 2021<\/time><\/span><\/span><\/div><\/div>\t\t\t\n\t\t\t\t\t\t\n\t\t\t\t<div class=\"excerpt\">\n\t\t\t\t\t<p>M\u00eame si chacun sait que ce n&rsquo;est pas la taille qui compte, chez les hommes,&hellip;<\/p>\n\t\t\t\t<\/div>\n\t\t\t\n\t\t\t\n\t\t\t\n\t\t<\/div>\n\n\t\n<\/article>\t\t\t\t\t\n<article class=\"l-post grid-post grid-base-post\">\n\n\t\n\t\t\t<div class=\"media\">\n\n\t\t\n\t\t\t<a href=\"https:\/\/www.gareauxcoquines.com\/blog\/sexualite\/rencontres-fetichistes-ca-vous-tente.html\" class=\"image-link media-ratio ratio-is-custom\" title=\"Rencontres f\u00e9tichistes, ca vous tente ?\"><img loading=\"lazy\" decoding=\"async\" width=\"339\" height=\"202\" src=\"https:\/\/www.gareauxcoquines.com\/blog\/wp-content\/uploads\/2021\/06\/rencontre_fetichiste-1024x739.jpg\" class=\"attachment-large size-large wp-post-image\" alt=\"\" sizes=\"(max-width: 339px) 100vw, 339px\" title=\"Rencontres f\u00e9tichistes, ca vous tente ?\" srcset=\"https:\/\/www.gareauxcoquines.com\/blog\/wp-content\/uploads\/2021\/06\/rencontre_fetichiste-1024x739.jpg 1024w, https:\/\/www.gareauxcoquines.com\/blog\/wp-content\/uploads\/2021\/06\/rencontre_fetichiste-300x216.jpg 300w, https:\/\/www.gareauxcoquines.com\/blog\/wp-content\/uploads\/2021\/06\/rencontre_fetichiste-536x386.jpg 536w, https:\/\/www.gareauxcoquines.com\/blog\/wp-content\/uploads\/2021\/06\/rencontre_fetichiste.jpg 2009w\" \/><\/a>\t\t\t\n\t\t\t\n\t\t\t\n\t\t\t\n\t\t\n\t\t<\/div>\n\t\n\n\t\n\t\t<div class=\"content\">\n\n\t\t\t<div class=\"post-meta post-meta-a has-below\"><h2 class=\"is-title post-title\"><a href=\"https:\/\/www.gareauxcoquines.com\/blog\/sexualite\/rencontres-fetichistes-ca-vous-tente.html\">Rencontres f\u00e9tichistes, ca vous tente ?<\/a><\/h2><div class=\"post-meta-items meta-below\"><span class=\"meta-item post-author\"><span class=\"by\">Par<\/span> <a href=\"https:\/\/www.gareauxcoquines.com\/blog\/author\/vincent\" title=\"Articles par L\u00e9a\" rel=\"author\">L\u00e9a<\/a><\/span><span class=\"meta-item date\"><span class=\"date-link\"><time class=\"post-date\" datetime=\"2021-06-08T09:13:07+02:00\">8 juin 2021<\/time><\/span><\/span><\/div><\/div>\t\t\t\n\t\t\t\t\t\t\n\t\t\t\t<div class=\"excerpt\">\n\t\t\t\t\t<p>Les pieds, les fesses, les seins, les jambes, les talons aiguilles, le latex, les petites&hellip;<\/p>\n\t\t\t\t<\/div>\n\t\t\t\n\t\t\t\n\t\t\t\n\t\t<\/div>\n\n\t\n<\/article>\t\t\n\t<\/div>\n\n\t\n\n\t<nav class=\"main-pagination pagination-numbers\" data-type=\"numbers-ajax\">\n\t\t<span aria-current=\"page\" class=\"page-numbers current\">1<\/span>\n<a class=\"page-numbers\" href=\"https:\/\/www.gareauxcoquines.com\/blog\/wp-json\/wp\/v2\/pages\/639\/page\/2\">2<\/a>\n<a class=\"page-numbers\" href=\"https:\/\/www.gareauxcoquines.com\/blog\/wp-json\/wp\/v2\/pages\/639\/page\/3\">3<\/a>\n<span class=\"page-numbers dots\">\u2026<\/span>\n<a class=\"page-numbers\" href=\"https:\/\/www.gareauxcoquines.com\/blog\/wp-json\/wp\/v2\/pages\/639\/page\/7\">7<\/a>\n<a class=\"next page-numbers\" href=\"https:\/\/www.gareauxcoquines.com\/blog\/wp-json\/wp\/v2\/pages\/639\/page\/2\"><span class=\"visuallyhidden\">Next<\/span><i class=\"tsi tsi-angle-right\"><\/i><\/a>\t<\/nav>\n\n\n\t\n\t\t\t<\/div>\n\n\t\t<\/section>\n\t\t\t\t\t\t<\/div>\n\t\t\t\t<\/div>\n\t\t\t\t\t<\/div>\n\t\t<\/div>\n\t\t\t\t\t<\/div>\n\t\t<\/section>\n\t\t\t\t<\/div>\n\t\t","protected":false},"excerpt":{"rendered":"","protected":false},"author":1,"featured_media":0,"parent":0,"menu_order":0,"comment_status":"closed","ping_status":"closed","template":"page-templates\/blocks.php","meta":{"footnotes":""},"class_list":["post-639","page","type-page","status-publish"],"_links":{"self":[{"href":"https:\/\/www.gareauxcoquines.com\/blog\/wp-json\/wp\/v2\/pages\/639","targetHints":{"allow":["GET"]}}],"collection":[{"href":"https:\/\/www.gareauxcoquines.com\/blog\/wp-json\/wp\/v2\/pages"}],"about":[{"href":"https:\/\/www.gareauxcoquines.com\/blog\/wp-json\/wp\/v2\/types\/page"}],"author":[{"embeddable":true,"href":"https:\/\/www.gareauxcoquines.com\/blog\/wp-json\/wp\/v2\/users\/1"}],"replies":[{"embeddable":true,"href":"https:\/\/www.gareauxcoquines.com\/blog\/wp-json\/wp\/v2\/comments?post=639"}],"version-history":[{"count":2,"href":"https:\/\/www.gareauxcoquines.com\/blog\/wp-json\/wp\/v2\/pages\/639\/revisions"}],"predecessor-version":[{"id":718,"href":"https:\/\/www.gareauxcoquines.com\/blog\/wp-json\/wp\/v2\/pages\/639\/revisions\/718"}],"wp:attachment":[{"href":"https:\/\/www.gareauxcoquines.com\/blog\/wp-json\/wp\/v2\/media?parent=639"}],"curies":[{"name":"wp","href":"https:\/\/api.w.org\/{rel}","templated":true}]}}